{"id":22043,"date":"2020-09-25T17:31:12","date_gmt":"2020-09-25T17:31:12","guid":{"rendered":"https:\/\/wbowe.com\/documents-paroissiaux\/"},"modified":"2025-11-08T11:36:01","modified_gmt":"2025-11-08T11:36:01","slug":"documents-paroissiaux","status":"publish","type":"page","link":"https:\/\/wbowe.com\/fr\/documents-paroissiaux\/","title":{"rendered":"Documents paroissiaux"},"content":{"rendered":"<p><div class=\"fusion-fullwidth fullwidth-box fusion-builder-row-1 nonhundred-percent-fullwidth non-hundred-percent-height-scrolling\" style=\"--awb-border-radius-top-left:0px;--awb-border-radius-top-right:0px;--awb-border-radius-bottom-right:0px;--awb-border-radius-bottom-left:0px;--awb-flex-wrap:wrap;\" ><div class=\"fusion-builder-row fusion-row\"><div class=\"fusion-layout-column fusion_builder_column fusion-builder-column-0 fusion_builder_column_1_3 1_3 fusion-one-third fusion-column-first\" style=\"--awb-bg-size:cover;width:33.3333333333%;width:calc(33.3333333333% - ( ( 4% ) * 0.333333333333 ) );margin-right: 4%;\"><div class=\"fusion-column-wrapper fusion-column-has-shadow fusion-flex-column-wrapper-legacy\"><div class=\"fusion-sep-clear\"><\/div><div class=\"fusion-separator fusion-full-width-sep\" style=\"margin-left: auto;margin-right: auto;margin-top:20px;margin-bottom:20px;width:100%;\"><\/div><div class=\"fusion-sep-clear\"><\/div><div class=\"fusion-title title fusion-title-1 fusion-sep-none fusion-title-text fusion-title-size-one\" style=\"--awb-margin-top-small:10px;--awb-margin-right-small:0px;--awb-margin-bottom-small:10px;--awb-margin-left-small:0px;\"><h1 class=\"fusion-title-heading title-heading-left fusion-responsive-typography-calculated\" style=\"margin:0;--fontSize:55;line-height:1.09;\"><h2 style=\"text-align: right;\"><span style=\"color: #000000;\"><strong>Mat\u00e9riel paroissial<\/strong><\/span><\/h2><\/h1><\/div><div class=\"fusion-image-element fusion-image-align-right in-legacy-container\" style=\"text-align:right;--awb-caption-title-font-family:var(--h2_typography-font-family);--awb-caption-title-font-weight:var(--h2_typography-font-weight);--awb-caption-title-font-style:var(--h2_typography-font-style);--awb-caption-title-size:var(--h2_typography-font-size);--awb-caption-title-transform:var(--h2_typography-text-transform);--awb-caption-title-line-height:var(--h2_typography-line-height);--awb-caption-title-letter-spacing:var(--h2_typography-letter-spacing);\"><span class=\" fusion-imageframe imageframe-none imageframe-1 hover-type-none\" style=\"margin-left:25px;float:right;\"><img decoding=\"async\" width=\"672\" height=\"959\" title=\"2003-12-01 Article sur la banque paroissiale (Kankakee Journal)\" src=\"https:\/\/wbowe.com\/wp-content\/uploads\/2020\/08\/2003-12-01-Parish-Bank-Article-Kankakee-Journal-1.jpg\" alt class=\"img-responsive wp-image-19827\" srcset=\"https:\/\/wbowe.com\/wp-content\/uploads\/2020\/08\/2003-12-01-Parish-Bank-Article-Kankakee-Journal-1-200x285.jpg 200w, https:\/\/wbowe.com\/wp-content\/uploads\/2020\/08\/2003-12-01-Parish-Bank-Article-Kankakee-Journal-1-400x571.jpg 400w, https:\/\/wbowe.com\/wp-content\/uploads\/2020\/08\/2003-12-01-Parish-Bank-Article-Kankakee-Journal-1-600x856.jpg 600w, https:\/\/wbowe.com\/wp-content\/uploads\/2020\/08\/2003-12-01-Parish-Bank-Article-Kankakee-Journal-1.jpg 672w\" sizes=\"(max-width: 800px) 100vw, 600px\" \/><\/span><\/div><div class=\"fusion-clearfix\"><\/div><\/div><\/div><div class=\"fusion-layout-column fusion_builder_column fusion-builder-column-1 fusion_builder_column_2_3 2_3 fusion-two-third fusion-column-last\" style=\"--awb-bg-size:cover;width:66.6666666667%;width:calc(66.6666666667% - ( ( 4% ) * 0.666666666667 ) );\"><div class=\"fusion-column-wrapper fusion-column-has-shadow fusion-flex-column-wrapper-legacy\"><div class=\"fusion-sep-clear\"><\/div><div class=\"fusion-separator fusion-full-width-sep\" style=\"margin-left: auto;margin-right: auto;margin-top:20px;margin-bottom:20px;width:100%;\"><\/div><div class=\"fusion-sep-clear\"><\/div><div class=\"fusion-text fusion-text-1\"><p>2020-12-11 <a href=\"https:\/\/wbowe.com\/2020\/12\/01\/cathy-parish-skura-remembers-the-momence-illinois-era-of-her-parents-generation\/\" target=\"_blank\" rel=\"noopener noreferrer\"><br \/>\n  <strong>Cathy Parish se souvient de Momence et de la banque paroissiale<\/strong><br \/>\n<\/a><\/p>\n<p>2003-12-01 <a href=\"https:\/\/wbowe.com\/2020\/08\/12\/2003-parish-bank-honored-as-legacy-kankakee-journal-article\/\"><br \/>\n  <b>La Banque Parish honor\u00e9e en tant qu&rsquo;h\u00e9ritage<\/b><br \/>\n<\/a> (Kankakee Journal)<\/p>\n<p>2002-07-02 <a href=\"https:\/\/wbowe.com\/2021\/03\/01\/william-wallace-parish-obituary\/\" target=\"_blank\" rel=\"noopener\"><br \/>\n  <strong>Notice n\u00e9crologique de William Wallace Parish<\/strong><br \/>\n<\/a><\/p>\n<p>2001-05-27 <a href=\"https:\/\/wbowe.com\/2020\/10\/04\/2001-05-27-anna-victoria-skura-family-index-and-parish-skura-album-and-genealogy\/\"><br \/>\n  <strong>Anna Victoria Skura Family Index an Narrative, Parish-Skura Genealogy and Photo Album<\/strong><br \/>\n<\/a><\/p>\n<p>1991 <a href=\"https:\/\/wbowe.com\/wp-content\/uploads\/2020\/10\/1991-Parish-Bank-and-The-Great-Depression-Harry-Heninger-and-Scott-Degitz-Catherine-Parish-Skura-Archives.pdf\"><br \/>\n  <strong>Parish Bank contre la Grande D\u00e9pression<\/strong><br \/>\n<\/a> (Harry Heninger et Scott Degitz)<\/p>\n<p>1984-03-15 <a href=\"https:\/\/wbowe.com\/wp-content\/uploads\/2020\/10\/1984-03-15-Parish-Family-Featured-in-150th-Anniversary-of-Momence-Illinois-Founding-Sesquicenntinial-News-Momence-Illinois-Progress-Reporter.pdf\"><strong>La famille paroissiale et les nouvelles du Sesquicentenaire de Momence<\/strong> <\/a>(Momence Progress-Reporter)<\/p>\n<p>1982-10-03 <strong><br \/>\n  <a href=\"https:\/\/wbowe.com\/wp-content\/uploads\/2020\/10\/1982-10-03-Have-You-1982-10-03-Have-You-Heard-Ova-Parish-is-Flying-to-Meet-the-Queen-The-Sunday-Journal-Kankakee-IL-Article.docx\">Avez-vous entendu : Ova Parish s&rsquo;envole pour rencontrer la Reine<\/a><br \/>\n<\/strong> (The Sunday Journal, Kankakee, Illinois)<\/p>\n<p>1963-09-27 <a href=\"https:\/\/wbowe.com\/fr\/1963-09-27-parish-v-parish-opinion-of-the-illinois-supreme-court-2-2\/\"><br \/>\n  <b>Parish v. Parish, opinion de la Cour supr\u00eame de l&rsquo;Illinois<\/b><br \/>\n<\/a><\/p>\n<p>1949-03-15 <strong><br \/>\n  <a href=\"https:\/\/wbowe.com\/2020\/08\/18\/1949-u-s-tax-court-opinion\/\">Succession de Parish c. Commissaire Avis<\/a><br \/>\n<\/strong> (La d\u00e9cision de la Cour fiscale des \u00c9tats-Unis comprend l&rsquo;histoire de la famille Parish et la fa\u00e7on dont la Parish Bank a surv\u00e9cu \u00e0 la d\u00e9pression et rembours\u00e9 int\u00e9gralement ses d\u00e9posants)<\/p>\n<p>1884-1944 <strong><br \/>\n  <a href=\"https:\/\/wbowe.com\/wp-content\/uploads\/2020\/10\/1884-1944-Clippings-about-the-Parish-Fammily-Momence-Progress-Reporter-Weekly-Newspaper.pdf\">Coupures de presse de la famille Parish provenant des dossiers \u00a0\u00bb Years Ago \u00a0\u00bb du journal hebdomadaire Momence Progress Reporter<\/a><br \/>\n<\/strong><\/p>\n<p>1884-03-15 <strong><br \/>\n  <a href=\"http:\/\/1984-03-15%20The%20Parish%20Family%20and%20the%20Momence,%20Illinois%20Sesquicentennial%20(Momence%20Progress-Reporter%20Newspaper%20Article)\" target=\"_blank\" rel=\"noopener noreferrer\">La famille Parish et le Sesquicentenaire de Momence, Illinois (article du journal Momence Progress-Reporter)<\/a><br \/>\n<\/strong><\/p>\n<p>1789-2000 <a href=\"https:\/\/wbowe.com\/wp-content\/uploads\/2020\/10\/1789-2000-Naples-New-York-Millenium-Calendar-Records-Parish-Family-as-1st-Settlers-in-1789.pdf\"><br \/>\n  <strong>Calendrier mill\u00e9naire de Naples, New York &#8211; \u00c9v\u00e9nements familiaux de la paroisse et r\u00f4le des premiers colons en 1789<\/strong><br \/>\n<\/a><\/p>\n<\/div><div class=\"fusion-clearfix\"><\/div><\/div><\/div><\/div><\/div><div class=\"fusion-fullwidth fullwidth-box fusion-builder-row-2 nonhundred-percent-fullwidth non-hundred-percent-height-scrolling\" style=\"--awb-border-radius-top-left:0px;--awb-border-radius-top-right:0px;--awb-border-radius-bottom-right:0px;--awb-border-radius-bottom-left:0px;--awb-flex-wrap:wrap;\" ><div class=\"fusion-builder-row fusion-row\"><div class=\"fusion-layout-column fusion_builder_column fusion-builder-column-2 fusion_builder_column_1_3 1_3 fusion-one-third fusion-column-first\" style=\"--awb-bg-size:cover;width:33.3333333333%;width:calc(33.3333333333% - ( ( 4% + 4% ) * 0.333333333333 ) );margin-right: 4%;\"><div class=\"fusion-column-wrapper fusion-column-has-shadow fusion-flex-column-wrapper-legacy\"><div class=\"fusion-clearfix\"><\/div><\/div><\/div><div class=\"fusion-layout-column fusion_builder_column fusion-builder-column-3 fusion_builder_column_1_3 1_3 fusion-one-third\" style=\"--awb-bg-size:cover;width:33.3333333333%;width:calc(33.3333333333% - ( ( 4% + 4% ) * 0.333333333333 ) );margin-right: 4%;\"><div class=\"fusion-column-wrapper fusion-column-has-shadow fusion-flex-column-wrapper-legacy\"><div class=\"fusion-sep-clear\"><\/div><div class=\"fusion-separator fusion-full-width-sep\" style=\"margin-left: auto;margin-right: auto;margin-top:20px;margin-bottom:20px;width:100%;\"><\/div><div class=\"fusion-sep-clear\"><\/div><div class=\"fusion-button-wrapper fusion-align-block\"><a class=\"fusion-button button-flat button-medium button-custom fusion-button-default button-1 fusion-button-span-yes \" style=\"--awb-margin-top:10px;--awb-margin-bottom:10px;--button_accent_color:#ffffff;--button_border_color:#0d5277;--button_accent_hover_color:#005b8c;--button_border_hover_color:#0d5277;--button_border_width-top:2px;--button_border_width-right:2px;--button_border_width-bottom:2px;--button_border_width-left:2px;--button-border-radius-top-left:0;--button-border-radius-top-right:0;--button-border-radius-bottom-right:0;--button-border-radius-bottom-left:0;--button_gradient_top_color:#005b8c;--button_gradient_bottom_color:#005b8c;--button_gradient_top_color_hover:rgba(255,255,255,0.55);--button_gradient_bottom_color_hover:rgba(255,255,255,0.55);\" target=\"_self\" href=\"https:\/\/wbowe.com\/fr\/documents\/\"><span class=\"fusion-button-text awb-button__text awb-button__text--default\">RETOUR \u00c0 TOUS LES DOCUMENTS<\/span><\/a><\/div><div class=\"fusion-clearfix\"><\/div><\/div><\/div><div class=\"fusion-layout-column fusion_builder_column fusion-builder-column-4 fusion_builder_column_1_3 1_3 fusion-one-third fusion-column-last\" style=\"--awb-bg-size:cover;width:33.3333333333%;width:calc(33.3333333333% - ( ( 4% + 4% ) * 0.333333333333 ) );\"><div class=\"fusion-column-wrapper fusion-column-has-shadow fusion-flex-column-wrapper-legacy\"><div class=\"fusion-sep-clear\"><\/div><div class=\"fusion-separator fusion-full-width-sep\" style=\"margin-left: auto;margin-right: auto;margin-top:20px;margin-bottom:20px;width:100%;\"><\/div><div class=\"fusion-sep-clear\"><\/div><div class=\"fusion-button-wrapper fusion-align-block\"><a class=\"fusion-button button-flat button-medium button-custom fusion-button-default button-2 fusion-button-span-yes \" style=\"--awb-margin-top:10px;--awb-margin-bottom:10px;--button_accent_color:#ffffff;--button_border_color:#0d5277;--button_accent_hover_color:#005b8c;--button_border_hover_color:#0d5277;--button_border_width-top:2px;--button_border_width-right:2px;--button_border_width-bottom:2px;--button_border_width-left:2px;--button-border-radius-top-left:0;--button-border-radius-top-right:0;--button-border-radius-bottom-right:0;--button-border-radius-bottom-left:0;--button_gradient_top_color:#005b8c;--button_gradient_bottom_color:#005b8c;--button_gradient_top_color_hover:rgba(255,255,255,0.55);--button_gradient_bottom_color_hover:rgba(255,255,255,0.55);\" target=\"_self\" href=\"https:\/\/wbowe.com\/fr\/2020\/08\/19\/arbre-genealogique-des-paroisses\/\"><span class=\"fusion-button-text awb-button__text awb-button__text--default\">VISITER LES ARBRES PAROISSIAUX<\/span><\/a><\/div><div class=\"fusion-clearfix\"><\/div><\/div><\/div><\/div><\/div><\/p>\n","protected":false},"excerpt":{"rendered":"","protected":false},"author":1,"featured_media":0,"parent":0,"menu_order":0,"comment_status":"open","ping_status":"closed","template":"","meta":{"_acf_changed":false,"footnotes":""},"class_list":["post-22043","page","type-page","status-publish","hentry"],"acf":[],"yoast_head":"<!-- This site is optimized with the Yoast SEO plugin v27.4 - https:\/\/yoast.com\/product\/yoast-seo-wordpress\/ -->\n<title>Documents paroissiaux - William J. Bowe<\/title>\n<meta name=\"robots\" content=\"index, follow, max-snippet:-1, max-image-preview:large, max-video-preview:-1\" \/>\n<link rel=\"canonical\" href=\"https:\/\/wbowe.com\/parish-documents\/\" \/>\n<meta property=\"og:locale\" content=\"fr_FR\" \/>\n<meta property=\"og:type\" content=\"article\" \/>\n<meta property=\"og:title\" content=\"Documents paroissiaux - William J. Bowe\" \/>\n<meta property=\"og:url\" content=\"https:\/\/wbowe.com\/parish-documents\/\" \/>\n<meta property=\"og:site_name\" content=\"William J. Bowe\" \/>\n<meta property=\"article:modified_time\" content=\"2025-11-08T11:36:01+00:00\" \/>\n<meta name=\"twitter:card\" content=\"summary_large_image\" \/>\n<meta name=\"twitter:label1\" content=\"Dur\u00e9e de lecture estim\u00e9e\" \/>\n\t<meta name=\"twitter:data1\" content=\"10 minutes\" \/>\n<script type=\"application\/ld+json\" class=\"yoast-schema-graph\">{\"@context\":\"https:\\\/\\\/schema.org\",\"@graph\":[{\"@type\":\"WebPage\",\"@id\":\"https:\\\/\\\/wbowe.com\\\/parish-documents\\\/\",\"url\":\"https:\\\/\\\/wbowe.com\\\/parish-documents\\\/\",\"name\":\"Documents paroissiaux - William J. Bowe\",\"isPartOf\":{\"@id\":\"https:\\\/\\\/wbowe.com\\\/#website\"},\"datePublished\":\"2020-09-25T17:31:12+00:00\",\"dateModified\":\"2025-11-08T11:36:01+00:00\",\"breadcrumb\":{\"@id\":\"https:\\\/\\\/wbowe.com\\\/parish-documents\\\/#breadcrumb\"},\"inLanguage\":\"fr-FR\",\"potentialAction\":[{\"@type\":\"ReadAction\",\"target\":[\"https:\\\/\\\/wbowe.com\\\/parish-documents\\\/\"]}]},{\"@type\":\"BreadcrumbList\",\"@id\":\"https:\\\/\\\/wbowe.com\\\/parish-documents\\\/#breadcrumb\",\"itemListElement\":[{\"@type\":\"ListItem\",\"position\":1,\"name\":\"Home\",\"item\":\"https:\\\/\\\/wbowe.com\\\/fr\\\/\"},{\"@type\":\"ListItem\",\"position\":2,\"name\":\"Documents paroissiaux\"}]},{\"@type\":\"WebSite\",\"@id\":\"https:\\\/\\\/wbowe.com\\\/#website\",\"url\":\"https:\\\/\\\/wbowe.com\\\/\",\"name\":\"William J. Bowe\",\"description\":\"William J. Bowe\",\"potentialAction\":[{\"@type\":\"SearchAction\",\"target\":{\"@type\":\"EntryPoint\",\"urlTemplate\":\"https:\\\/\\\/wbowe.com\\\/?s={search_term_string}\"},\"query-input\":{\"@type\":\"PropertyValueSpecification\",\"valueRequired\":true,\"valueName\":\"search_term_string\"}}],\"inLanguage\":\"fr-FR\"}]}<\/script>\n<!-- \/ Yoast SEO plugin. -->","yoast_head_json":{"title":"Documents paroissiaux - William J. Bowe","robots":{"index":"index","follow":"follow","max-snippet":"max-snippet:-1","max-image-preview":"max-image-preview:large","max-video-preview":"max-video-preview:-1"},"canonical":"https:\/\/wbowe.com\/parish-documents\/","og_locale":"fr_FR","og_type":"article","og_title":"Documents paroissiaux - William J. Bowe","og_url":"https:\/\/wbowe.com\/parish-documents\/","og_site_name":"William J. Bowe","article_modified_time":"2025-11-08T11:36:01+00:00","twitter_card":"summary_large_image","twitter_misc":{"Dur\u00e9e de lecture estim\u00e9e":"10 minutes"},"schema":{"@context":"https:\/\/schema.org","@graph":[{"@type":"WebPage","@id":"https:\/\/wbowe.com\/parish-documents\/","url":"https:\/\/wbowe.com\/parish-documents\/","name":"Documents paroissiaux - William J. Bowe","isPartOf":{"@id":"https:\/\/wbowe.com\/#website"},"datePublished":"2020-09-25T17:31:12+00:00","dateModified":"2025-11-08T11:36:01+00:00","breadcrumb":{"@id":"https:\/\/wbowe.com\/parish-documents\/#breadcrumb"},"inLanguage":"fr-FR","potentialAction":[{"@type":"ReadAction","target":["https:\/\/wbowe.com\/parish-documents\/"]}]},{"@type":"BreadcrumbList","@id":"https:\/\/wbowe.com\/parish-documents\/#breadcrumb","itemListElement":[{"@type":"ListItem","position":1,"name":"Home","item":"https:\/\/wbowe.com\/fr\/"},{"@type":"ListItem","position":2,"name":"Documents paroissiaux"}]},{"@type":"WebSite","@id":"https:\/\/wbowe.com\/#website","url":"https:\/\/wbowe.com\/","name":"William J. Bowe","description":"William J. Bowe","potentialAction":[{"@type":"SearchAction","target":{"@type":"EntryPoint","urlTemplate":"https:\/\/wbowe.com\/?s={search_term_string}"},"query-input":{"@type":"PropertyValueSpecification","valueRequired":true,"valueName":"search_term_string"}}],"inLanguage":"fr-FR"}]}},"_links":{"self":[{"href":"https:\/\/wbowe.com\/fr\/wp-json\/wp\/v2\/pages\/22043","targetHints":{"allow":["GET"]}}],"collection":[{"href":"https:\/\/wbowe.com\/fr\/wp-json\/wp\/v2\/pages"}],"about":[{"href":"https:\/\/wbowe.com\/fr\/wp-json\/wp\/v2\/types\/page"}],"author":[{"embeddable":true,"href":"https:\/\/wbowe.com\/fr\/wp-json\/wp\/v2\/users\/1"}],"replies":[{"embeddable":true,"href":"https:\/\/wbowe.com\/fr\/wp-json\/wp\/v2\/comments?post=22043"}],"version-history":[{"count":0,"href":"https:\/\/wbowe.com\/fr\/wp-json\/wp\/v2\/pages\/22043\/revisions"}],"wp:attachment":[{"href":"https:\/\/wbowe.com\/fr\/wp-json\/wp\/v2\/media?parent=22043"}],"curies":[{"name":"wp","href":"https:\/\/api.w.org\/{rel}","templated":true}]}}